{"id":14518,"date":"2022-05-12T15:59:55","date_gmt":"2022-05-12T14:59:55","guid":{"rendered":"https:\/\/www.ammon-beratung.de\/variakg\/?page_id=14518"},"modified":"2023-05-10T20:18:43","modified_gmt":"2023-05-10T19:18:43","slug":"immobilien1","status":"publish","type":"page","link":"https:\/\/www.ammon-beratung.de\/variakg\/","title":{"rendered":"Immobilien1"},"content":{"rendered":"<p>[et_pb_section fb_built=&#8220;1&#8243; _builder_version=&#8220;4.14.8&#8243; _module_preset=&#8220;default&#8220; min_height=&#8220;100px&#8220; height=&#8220;100px&#8220; custom_margin=&#8220;||-219px|||&#8220; custom_padding=&#8220;||0px|||&#8220; global_colors_info=&#8220;{}&#8220;][et_pb_row _builder_version=&#8220;4.14.8&#8243; _module_preset=&#8220;default&#8220; min_height=&#8220;498.5px&#8220; global_colors_info=&#8220;{}&#8220;][et_pb_column type=&#8220;4_4&#8243; _builder_version=&#8220;4.14.8&#8243; _module_preset=&#8220;default&#8220; global_colors_info=&#8220;{}&#8220;][et_pb_text _builder_version=&#8220;4.14.8&#8243; _module_preset=&#8220;default&#8220; min_height=&#8220;223.5px&#8220; custom_margin=&#8220;||-1px|||&#8220; custom_padding=&#8220;||36px|||&#8220; hover_enabled=&#8220;0&#8243; global_colors_info=&#8220;{}&#8220; sticky_enabled=&#8220;0&#8243;]<div class=\"inx-cq\">\n\t\n\t<div id=\"inx-property-list\" class=\"inx-container inx-property-list\">\n\t\t\n\t\t\t\t<div class=\"inx-property-list__item-wrap\">\n\t\t\t\t<div class=\"inx-property-list-item inx-property-list-item--card uk-card uk-card-default uk-animation-scale-up\">\n\t\t<a href=\"https:\/\/www.ammon-beratung.de\/variakg\/immobilien\/schoenes-baugrundstueck-fuer-einfamilienhaus-mit-baugenehmigung-und-planung\/?inx-backlink-url=https%3A%2F%2Fwww.ammon-beratung.de%2Fvariakg%2Fimmobilien%2F\" aria-role=\"presentation\" tabindex=\"-1\">\n\t\t<div class=\"inx-property-list-item__media-top uk-card-media-top uk-cover-container\">\n\t\t<img loading=\"lazy\" decoding=\"async\" width=\"600\" height=\"1024\" src=\"https:\/\/www.ammon-beratung.de\/variakg\/wp-content\/uploads\/2026\/05\/2138A-600x1024.jpg\" class=\"attachment-large size-large wp-post-image\" alt=\"Grundst\u00fcckplan mit Haus\" sizes=\"(max-width: 680px) 100vw, (max-width: 970px) 50vw, 800px\" uk-cover>\t<\/div>\n\t\t<\/a>\n\t\n\t<div class=\"inx-property-list-item__body uk-card-body\">\n\t\t<div class=\"inx-property-list-item__title uk-card-title\">\n\t\t\t\t\t\t<a href=\"https:\/\/www.ammon-beratung.de\/variakg\/immobilien\/schoenes-baugrundstueck-fuer-einfamilienhaus-mit-baugenehmigung-und-planung\/?inx-backlink-url=https%3A%2F%2Fwww.ammon-beratung.de%2Fvariakg%2Fimmobilien%2F\" class=\"inx-link inx-oi--nutzungsart--wohnen inx-oi--vermarktungsart--kauf\">\n\t\t\t\t\t\t\tSCH\u00d6NES BAUGRUNDST\u00dcCK F\u00dcR EINFAMILIENHAUS MIT BAUGENEHMIGUNG UND PLANUNG\t\t\t\t\t\t<\/a>\n\t\t\t\t\t<\/div>\n\n\t\t<div class=\"uk-margin-bottom\">\n\t\t\t\t\t\t<div class=\"inx-property-list-item__property-type\">\n\t\t\t\t<i class=\"inx-core-detail-icon flaticon-tag-1\" title=\"Grundst\u00fcck (Wohnbebauung)\"><\/i>\n\t\t\t\t<div>Grundst\u00fcck (Wohnbebauung)<\/div>\n\t\t\t<\/div>\n\t\t\t\n\t\t\t\t\t\t<div class=\"inx-property-list-item__location\" lang=\"de\">\n\t\t\t\t<i class=\"inx-core-detail-icon flaticon-placeholder\" title=\"Lage\"><\/i>\n\t\t\t\t<div>Burscheid-Hilgen<\/div>\n\t\t\t<\/div>\n\t\t\t\t\t<\/div>\n\n\t\t\t\t<p class=\"inx-property-list-item__excerpt\">Im Burscheider Ortsteil Benninghausen liegt dieses 531 m\u00b2 gro\u00dfe Grundst\u00fcck in S\u00fcdlage. Der Ortskern von Hilgen ist...<\/p>\n\t\t\t<\/div>\n\n\t<div class=\"inx-property-list-item__footer uk-card-footer\">\n\t\t\t\t<div class=\"inx-property-list-item__core-details uk-flex uk-flex-around\">\n\t\t\t\t\t\t<div>\n\t\t\t\t<i class=\"inx-core-detail-icon flaticon-size\" title=\"Grundst\u00fccksfl\u00e4che\"><\/i> 531&nbsp;m\u00b2\t\t\t<\/div>\n\t\t\t\n\t\t\t\n\t\t\t\t\t\t<div>\n\t\t\t\t<i class=\"inx-core-detail-icon flaticon-blueprint\" title=\"Zimmer\"><\/i> 5\t\t\t<\/div>\n\t\t\t\t\t<\/div>\n\t\t\n\t\t\t\t<a href=\"https:\/\/www.ammon-beratung.de\/variakg\/immobilien\/schoenes-baugrundstueck-fuer-einfamilienhaus-mit-baugenehmigung-und-planung\/?inx-backlink-url=https%3A%2F%2Fwww.ammon-beratung.de%2Fvariakg%2Fimmobilien%2F\" aria-role=\"presentation\" tabindex=\"-1\" class=\"inx-property-list-item__property-price inx-property-price inx-oi--nutzungsart--wohnen inx-oi--vermarktungsart--kauf inx-oi--inverted inx-link\">\n\t\t\t\t240.000&nbsp;\u20ac\t\t<\/a>\n\t\t\t\t\t<\/div>\n\n\t\t<div class=\"inx-property-list-item__labels uk-position-top-right\">\n\t\t\t\t<span class=\"inx-property-label inx-property-label--vermarktungsart--kauf uk-label\">Zu Verkaufen<\/span><br>\n\t\t\t\t<\/div>\n\t<\/div>\n\t\t\t\t<\/div>\n\n\t\t\t\t\t<\/div>\n\n\t\n<!-- Strukturierte Daten (Schema.org) generiert von immonex\u00ae Kickstart 1.15.4 \u2013 Immobilien-Plugin (Open Source) \u2013 https:\/\/de.wordpress.org\/plugins\/immonex-kickstart\/ -->\n<span class=\"inx-script-block\">\n<script type=\"application\/ld+json\">\n{\n    \"@context\": \"https:\/\/schema.org\",\n    \"@graph\": [\n        {\n            \"@type\": [\n                \"RealEstateListing\",\n                \"Place\",\n                \"Product\"\n            ],\n            \"@id\": \"https:\/\/www.ammon-beratung.de\/variakg\/immobilien\/schoenes-baugrundstueck-fuer-einfamilienhaus-mit-baugenehmigung-und-planung\/#place\",\n            \"url\": \"https:\/\/www.ammon-beratung.de\/variakg\/immobilien\/schoenes-baugrundstueck-fuer-einfamilienhaus-mit-baugenehmigung-und-planung\/\",\n            \"datePosted\": \"2026-05-12\",\n            \"name\": \"SCH\\u00d6NES BAUGRUNDST\\u00dcCK F\\u00dcR EINFAMILIENHAUS MIT BAUGENEHMIGUNG UND PLANUNG\",\n            \"description\": \"Im Burscheider Ortsteil Benninghausen liegt dieses 531 m\\u00b2 gro\\u00dfe Grundst\\u00fcck in S\\u00fcdlage. Der Ortskern von Hilgen ist in ca. 15 Gehminuten erreichbar. Einkaufsm\\u00f6glichkeiten, wie Supermarkt, Gem\\u00fcsel\\u00e4den, B\\u00e4cker etc. befinden sich im Ortskern von Hilgen oder im nahgelegenen D\\u00fcnweg, ebenfalls Schulen, Kinderg\\u00e4rten und \\u00c4rzte. Der Kaufpreis beinhaltet die Baugenehmigung und die Planung f\\u00fcr ein neues Einfamilienhaus mit Doppelcarport und einer Wohnfl\\u00e4che von ca. 171 m\\u00b2. Im Ergeschoss erwartet Sie hinter dem \\u00fcberdachten Eingang ein gro\\u00dfz\\u00fcgiger Eingangsbereich mit Garderobe, ein Duschbad, ein B\\u00fcro oder G\\u00e4stezimme, und der Wohn-Essbereich mit K\\u00fcche und dem Ausgang zur Terrasse. \\u00dcber dem Wohnbereich liegt ein Luftraum zu der dar\\u00fcber liegenden Galerie. Zudem befindet sich im Ergeschoss ein Hauswirtschaftsraum. Insgesamt stehen Ihnen im Erdgeschoss ca. 95 m\\u00b2 Wohnfl\\u00e4che zur Verf\\u00fcgung.\\n\\u00dcber eine gradl\\u00e4ufige Treppe gelangt man ins Obergeschoss mit zwei gro\\u00dfen Kinderzimmern, dem tollen Bad mit Wanne und bodengleicher Dusche und dem Elternschlafzimmer mit Ankleide. Zus\\u00e4tzlich befindet sich im Obergeschoss noch ein Hauswirtschaftsraum f\\u00fcr Waschmaschine und Trockner. Im OG betr\\u00e4gt die Wohnfl\\u00e4che ca. 76 m\\u00b2. Die genehmigte Bauvoranfrage liegt vor, der Bauantrag muss noch eingereicht werden. Der Verkauf erfolgt provisionsfrei, direkt vom Eigent\\u00fcmer.\",\n            \"image\": \"https:\/\/www.ammon-beratung.de\/variakg\/wp-content\/uploads\/2026\/05\/2138A.jpg\",\n            \"address\": {\n                \"@type\": \"PostalAddress\",\n                \"@id\": \"https:\/\/www.ammon-beratung.de\/variakg\/immobilien\/schoenes-baugrundstueck-fuer-einfamilienhaus-mit-baugenehmigung-und-planung\/#address\",\n                \"streetAddress\": \"Benninghausen 25b\",\n                \"postalCode\": \"51399\",\n                \"addressLocality\": \"Burscheid\",\n                \"addressCountry\": \"DEU\"\n            },\n            \"geo\": {\n                \"@type\": \"GeoCoordinates\",\n                \"@id\": \"https:\/\/www.ammon-beratung.de\/variakg\/immobilien\/schoenes-baugrundstueck-fuer-einfamilienhaus-mit-baugenehmigung-und-planung\/#geo\",\n                \"latitude\": 51.09757,\n                \"longitude\": 7.126253\n            },\n            \"offers\": {\n                \"@type\": [\n                    \"Offer\",\n                    \"OfferForPurchase\"\n                ],\n                \"@id\": \"https:\/\/www.ammon-beratung.de\/variakg\/immobilien\/schoenes-baugrundstueck-fuer-einfamilienhaus-mit-baugenehmigung-und-planung\/#offers\",\n                \"price\": \"240000\",\n                \"priceCurrency\": \"EUR\",\n                \"availability\": \"https:\/\/schema.org\/InStock\",\n                \"availabilityStarts\": \"2026-05-12\",\n                \"businessFunction\": \"http:\/\/purl.org\/goodrelations\/v1#Sell\",\n                \"offeredBy\": [\n                    {\n                        \"@id\": \"https:\/\/www.varia-kg.de#person\",\n                        \"url\": \"https:\/\/www.varia-kg.de\",\n                        \"name\": \"Michael Kuerten\",\n                        \"givenName\": \"Michael\",\n                        \"familyName\": \"Kuerten\",\n                        \"address\": {\n                            \"@type\": \"PostalAddress\",\n                            \"@id\": \"https:\/\/www.varia-kg.de#address\",\n                            \"streetAddress\": \"Burscheider Stra\\u00dfe 384c\",\n                            \"postalCode\": \"51381\",\n                            \"addressLocality\": \"Leverkusen\"\n                        },\n                        \"telephone\": \"02171-33001\",\n                        \"worksFor\": {\n                            \"@type\": [\n                                \"RealEstateAgent\"\n                            ],\n                            \"@id\": \"https:\/\/www.varia-kg.de#realestateagent\",\n                            \"url\": \"https:\/\/www.varia-kg.de\",\n                            \"name\": \"Varia GmbH und Co. KG\",\n                            \"address\": {\n                                \"@type\": \"PostalAddress\",\n                                \"@id\": \"https:\/\/www.varia-kg.de#address\",\n                                \"streetAddress\": \"Burscheider Stra\\u00dfe 384c\",\n                                \"postalCode\": \"51381\",\n                                \"addressLocality\": \"Leverkusen\"\n                            },\n                            \"geo\": {\n                                \"@type\": \"GeoCoordinates\",\n                                \"@id\": \"https:\/\/www.varia-kg.de#geo\",\n                                \"latitude\": \"51.0909625\",\n                                \"longitude\": \"7.0531243\"\n                            },\n                            \"email\": \"varia.immobilien@varia-kg.de\",\n                            \"telephone\": \"02171-33001\"\n                        }\n                    },\n                    {\n                        \"@id\": \"https:\/\/www.varia-kg.de#realestateagent\",\n                        \"url\": \"https:\/\/www.varia-kg.de\",\n                        \"name\": \"Varia GmbH und Co. KG\",\n                        \"address\": {\n                            \"@type\": \"PostalAddress\",\n                            \"@id\": \"https:\/\/www.varia-kg.de#address\",\n                            \"streetAddress\": \"Burscheider Stra\\u00dfe 384c\",\n                            \"postalCode\": \"51381\",\n                            \"addressLocality\": \"Leverkusen\"\n                        },\n                        \"geo\": {\n                            \"@type\": \"GeoCoordinates\",\n                            \"@id\": \"https:\/\/www.varia-kg.de#geo\",\n                            \"latitude\": \"51.0909625\",\n                            \"longitude\": \"7.0531243\"\n                        },\n                        \"email\": \"varia.immobilien@varia-kg.de\",\n                        \"telephone\": \"02171-33001\"\n                    }\n                ]\n            }\n        },\n        {\n            \"@type\": [\n                \"Person\"\n            ],\n            \"@id\": \"https:\/\/www.varia-kg.de#person\",\n            \"url\": \"https:\/\/www.varia-kg.de\",\n            \"name\": \"Michael Kuerten\",\n            \"givenName\": \"Michael\",\n            \"familyName\": \"Kuerten\",\n            \"address\": {\n                \"@type\": \"PostalAddress\",\n                \"@id\": \"https:\/\/www.varia-kg.de#address\",\n                \"streetAddress\": \"Burscheider Stra\\u00dfe 384c\",\n                \"postalCode\": \"51381\",\n                \"addressLocality\": \"Leverkusen\"\n            },\n            \"telephone\": \"02171-33001\",\n            \"worksFor\": {\n                \"@id\": \"https:\/\/www.varia-kg.de#realestateagent\",\n                \"url\": \"https:\/\/www.varia-kg.de\",\n                \"name\": \"Varia GmbH und Co. KG\",\n                \"address\": {\n                    \"@type\": \"PostalAddress\",\n                    \"@id\": \"https:\/\/www.varia-kg.de#address\",\n                    \"streetAddress\": \"Burscheider Stra\\u00dfe 384c\",\n                    \"postalCode\": \"51381\",\n                    \"addressLocality\": \"Leverkusen\"\n                },\n                \"geo\": {\n                    \"@type\": \"GeoCoordinates\",\n                    \"@id\": \"https:\/\/www.varia-kg.de#geo\",\n                    \"latitude\": \"51.0909625\",\n                    \"longitude\": \"7.0531243\"\n                },\n                \"email\": \"varia.immobilien@varia-kg.de\",\n                \"telephone\": \"02171-33001\"\n            }\n        },\n        {\n            \"@type\": [\n                \"RealEstateAgent\"\n            ],\n            \"@id\": \"https:\/\/www.varia-kg.de#realestateagent\",\n            \"url\": \"https:\/\/www.varia-kg.de\",\n            \"name\": \"Varia GmbH und Co. KG\",\n            \"address\": {\n                \"@type\": \"PostalAddress\",\n                \"@id\": \"https:\/\/www.varia-kg.de#address\",\n                \"streetAddress\": \"Burscheider Stra\\u00dfe 384c\",\n                \"postalCode\": \"51381\",\n                \"addressLocality\": \"Leverkusen\"\n            },\n            \"geo\": {\n                \"@type\": \"GeoCoordinates\",\n                \"@id\": \"https:\/\/www.varia-kg.de#geo\",\n                \"latitude\": \"51.0909625\",\n                \"longitude\": \"7.0531243\"\n            },\n            \"email\": \"varia.immobilien@varia-kg.de\",\n            \"telephone\": \"02171-33001\"\n        }\n    ]\n}\n<\/script>\n\n<\/span><\/div>\n<\/p>\n<p>[\/et_pb_text][\/et_pb_column][\/et_pb_row][\/et_pb_section]<\/p>\n","protected":false},"excerpt":{"rendered":"<p>[et_pb_section fb_built=&#8220;1&#8243; _builder_version=&#8220;4.14.8&#8243; _module_preset=&#8220;default&#8220; min_height=&#8220;100px&#8220; height=&#8220;100px&#8220; custom_margin=&#8220;||-219px|||&#8220; custom_padding=&#8220;||0px|||&#8220; global_colors_info=&#8220;{}&#8220;][et_pb_row _builder_version=&#8220;4.14.8&#8243; _module_preset=&#8220;default&#8220; min_height=&#8220;498.5px&#8220; global_colors_info=&#8220;{}&#8220;][et_pb_column type=&#8220;4_4&#8243; _builder_version=&#8220;4.14.8&#8243; _module_preset=&#8220;default&#8220; global_colors_info=&#8220;{}&#8220;][et_pb_text _builder_version=&#8220;4.14.8&#8243; _module_preset=&#8220;default&#8220; min_height=&#8220;223.5px&#8220; custom_margin=&#8220;||-1px|||&#8220; custom_padding=&#8220;||36px|||&#8220; hover_enabled=&#8220;0&#8243; global_colors_info=&#8220;{}&#8220; sticky_enabled=&#8220;0&#8243;] [\/et_pb_text][\/et_pb_column][\/et_pb_row][\/et_pb_section]<\/p>\n","protected":false},"author":1,"featured_media":0,"parent":0,"menu_order":0,"comment_status":"closed","ping_status":"closed","template":"","meta":{"_et_pb_use_builder":"on","_et_pb_old_content":"","_et_gb_content_width":"","footnotes":""},"class_list":["post-14518","page","type-page","status-publish","hentry"],"_links":{"self":[{"href":"https:\/\/www.ammon-beratung.de\/variakg\/wp-json\/wp\/v2\/pages\/14518","targetHints":{"allow":["GET"]}}],"collection":[{"href":"https:\/\/www.ammon-beratung.de\/variakg\/wp-json\/wp\/v2\/pages"}],"about":[{"href":"https:\/\/www.ammon-beratung.de\/variakg\/wp-json\/wp\/v2\/types\/page"}],"author":[{"embeddable":true,"href":"https:\/\/www.ammon-beratung.de\/variakg\/wp-json\/wp\/v2\/users\/1"}],"replies":[{"embeddable":true,"href":"https:\/\/www.ammon-beratung.de\/variakg\/wp-json\/wp\/v2\/comments?post=14518"}],"version-history":[{"count":80,"href":"https:\/\/www.ammon-beratung.de\/variakg\/wp-json\/wp\/v2\/pages\/14518\/revisions"}],"predecessor-version":[{"id":119310,"href":"https:\/\/www.ammon-beratung.de\/variakg\/wp-json\/wp\/v2\/pages\/14518\/revisions\/119310"}],"wp:attachment":[{"href":"https:\/\/www.ammon-beratung.de\/variakg\/wp-json\/wp\/v2\/media?parent=14518"}],"curies":[{"name":"wp","href":"https:\/\/api.w.org\/{rel}","templated":true}]}}